{"id":4,"date":"2016-05-05T17:12:37","date_gmt":"2016-05-05T17:12:37","guid":{"rendered":"http:\/\/przetrwajapokalipse.pl\/?page_id=4"},"modified":"2018-04-04T17:09:41","modified_gmt":"2018-04-04T16:09:41","slug":"kontakt","status":"publish","type":"page","link":"https:\/\/przetrwajapokalipse.pl\/blog\/kontakt\/","title":{"rendered":"Kontakt"},"content":{"rendered":"","protected":false},"excerpt":{"rendered":"","protected":false},"author":1,"featured_media":0,"parent":0,"menu_order":0,"comment_status":"closed","ping_status":"closed","template":"","meta":{"footnotes":""},"yoast_head":"<!-- This site is optimized with the Yoast SEO plugin v22.2 - https:\/\/yoast.com\/wordpress\/plugins\/seo\/ -->\n<title>Kontakt - Przetrwaj Apokalips\u0119<\/title>\n<meta name=\"robots\" content=\"index, follow, max-snippet:-1, max-image-preview:large, max-video-preview:-1\" \/>\n<link rel=\"canonical\" href=\"https:\/\/przetrwajapokalipse.pl\/blog\/kontakt\/\" \/>\n<meta property=\"og:locale\" content=\"pl_PL\" \/>\n<meta property=\"og:type\" content=\"article\" \/>\n<meta property=\"og:title\" content=\"Kontakt - Przetrwaj Apokalips\u0119\" \/>\n<meta property=\"og:url\" content=\"https:\/\/przetrwajapokalipse.pl\/blog\/kontakt\/\" \/>\n<meta property=\"og:site_name\" content=\"Przetrwaj Apokalips\u0119\" \/>\n<meta property=\"article:publisher\" content=\"https:\/\/www.facebook.com\/przetrwajapokalipse\/\" \/>\n<meta property=\"article:modified_time\" content=\"2018-04-04T16:09:41+00:00\" \/>\n<meta name=\"twitter:card\" content=\"summary_large_image\" \/>\n<script type=\"application\/ld+json\" class=\"yoast-schema-graph\">{\"@context\":\"https:\/\/schema.org\",\"@graph\":[{\"@type\":\"WebPage\",\"@id\":\"https:\/\/przetrwajapokalipse.pl\/blog\/kontakt\/\",\"url\":\"https:\/\/przetrwajapokalipse.pl\/blog\/kontakt\/\",\"name\":\"Kontakt - Przetrwaj Apokalips\u0119\",\"isPartOf\":{\"@id\":\"https:\/\/przetrwajapokalipse.pl\/blog\/#website\"},\"datePublished\":\"2016-05-05T17:12:37+00:00\",\"dateModified\":\"2018-04-04T16:09:41+00:00\",\"breadcrumb\":{\"@id\":\"https:\/\/przetrwajapokalipse.pl\/blog\/kontakt\/#breadcrumb\"},\"inLanguage\":\"pl-PL\",\"potentialAction\":[{\"@type\":\"ReadAction\",\"target\":[\"https:\/\/przetrwajapokalipse.pl\/blog\/kontakt\/\"]}]},{\"@type\":\"BreadcrumbList\",\"@id\":\"https:\/\/przetrwajapokalipse.pl\/blog\/kontakt\/#breadcrumb\",\"itemListElement\":[{\"@type\":\"ListItem\",\"position\":1,\"name\":\"Strona g\u0142\u00f3wna\",\"item\":\"https:\/\/przetrwajapokalipse.pl\/blog\/\"},{\"@type\":\"ListItem\",\"position\":2,\"name\":\"Kontakt\"}]},{\"@type\":\"WebSite\",\"@id\":\"https:\/\/przetrwajapokalipse.pl\/blog\/#website\",\"url\":\"https:\/\/przetrwajapokalipse.pl\/blog\/\",\"name\":\"Przetrwaj Apokalips\u0119\",\"description\":\"Dowiedz si\u0119 jak przetrwa\u0107 w najtrudniejszych warunkach. Survival nie tylko dla preppers\u00f3w.\",\"potentialAction\":[{\"@type\":\"SearchAction\",\"target\":{\"@type\":\"EntryPoint\",\"urlTemplate\":\"https:\/\/przetrwajapokalipse.pl\/blog\/?s={search_term_string}\"},\"query-input\":\"required name=search_term_string\"}],\"inLanguage\":\"pl-PL\"}]}<\/script>\n<!-- \/ Yoast SEO plugin. -->","yoast_head_json":{"title":"Kontakt - Przetrwaj Apokalips\u0119","robots":{"index":"index","follow":"follow","max-snippet":"max-snippet:-1","max-image-preview":"max-image-preview:large","max-video-preview":"max-video-preview:-1"},"canonical":"https:\/\/przetrwajapokalipse.pl\/blog\/kontakt\/","og_locale":"pl_PL","og_type":"article","og_title":"Kontakt - Przetrwaj Apokalips\u0119","og_url":"https:\/\/przetrwajapokalipse.pl\/blog\/kontakt\/","og_site_name":"Przetrwaj Apokalips\u0119","article_publisher":"https:\/\/www.facebook.com\/przetrwajapokalipse\/","article_modified_time":"2018-04-04T16:09:41+00:00","twitter_card":"summary_large_image","schema":{"@context":"https:\/\/schema.org","@graph":[{"@type":"WebPage","@id":"https:\/\/przetrwajapokalipse.pl\/blog\/kontakt\/","url":"https:\/\/przetrwajapokalipse.pl\/blog\/kontakt\/","name":"Kontakt - Przetrwaj Apokalips\u0119","isPartOf":{"@id":"https:\/\/przetrwajapokalipse.pl\/blog\/#website"},"datePublished":"2016-05-05T17:12:37+00:00","dateModified":"2018-04-04T16:09:41+00:00","breadcrumb":{"@id":"https:\/\/przetrwajapokalipse.pl\/blog\/kontakt\/#breadcrumb"},"inLanguage":"pl-PL","potentialAction":[{"@type":"ReadAction","target":["https:\/\/przetrwajapokalipse.pl\/blog\/kontakt\/"]}]},{"@type":"BreadcrumbList","@id":"https:\/\/przetrwajapokalipse.pl\/blog\/kontakt\/#breadcrumb","itemListElement":[{"@type":"ListItem","position":1,"name":"Strona g\u0142\u00f3wna","item":"https:\/\/przetrwajapokalipse.pl\/blog\/"},{"@type":"ListItem","position":2,"name":"Kontakt"}]},{"@type":"WebSite","@id":"https:\/\/przetrwajapokalipse.pl\/blog\/#website","url":"https:\/\/przetrwajapokalipse.pl\/blog\/","name":"Przetrwaj Apokalips\u0119","description":"Dowiedz si\u0119 jak przetrwa\u0107 w najtrudniejszych warunkach. Survival nie tylko dla preppers\u00f3w.","potentialAction":[{"@type":"SearchAction","target":{"@type":"EntryPoint","urlTemplate":"https:\/\/przetrwajapokalipse.pl\/blog\/?s={search_term_string}"},"query-input":"required name=search_term_string"}],"inLanguage":"pl-PL"}]}},"_links":{"self":[{"href":"https:\/\/przetrwajapokalipse.pl\/blog\/wp-json\/wp\/v2\/pages\/4"}],"collection":[{"href":"https:\/\/przetrwajapokalipse.pl\/blog\/wp-json\/wp\/v2\/pages"}],"about":[{"href":"https:\/\/przetrwajapokalipse.pl\/blog\/wp-json\/wp\/v2\/types\/page"}],"author":[{"embeddable":true,"href":"https:\/\/przetrwajapokalipse.pl\/blog\/wp-json\/wp\/v2\/users\/1"}],"replies":[{"embeddable":true,"href":"https:\/\/przetrwajapokalipse.pl\/blog\/wp-json\/wp\/v2\/comments?post=4"}],"version-history":[{"count":0,"href":"https:\/\/przetrwajapokalipse.pl\/blog\/wp-json\/wp\/v2\/pages\/4\/revisions"}],"wp:attachment":[{"href":"https:\/\/przetrwajapokalipse.pl\/blog\/wp-json\/wp\/v2\/media?parent=4"}],"curies":[{"name":"wp","href":"https:\/\/api.w.org\/{rel}","templated":true}]}}