{"id":45,"date":"2016-05-17T20:51:37","date_gmt":"2016-05-17T20:51:37","guid":{"rendered":"http:\/\/przetrwajapokalipse.pl\/?page_id=45"},"modified":"2017-03-17T11:17:17","modified_gmt":"2017-03-17T10:17:17","slug":"polecane","status":"publish","type":"page","link":"https:\/\/przetrwajapokalipse.pl\/blog\/polecane\/","title":{"rendered":"Polecane"},"content":{"rendered":"<figure style=\"width: 150px\" class=\"wp-caption alignleft\"><a href=\"http:\/\/slowianskibestiariusz.pl\/\"><img loading=\"lazy\" decoding=\"async\" src=\"http:\/\/slowianskibestiariusz.pl\/wp-content\/uploads\/2016\/02\/logo.png\" alt=\"S\u0142owia\u0144ski Bestiariusz Logo\" width=\"150\" height=\"128\" \/><\/a><figcaption class=\"wp-caption-text\"><center>S\u0142owia\u0144ski Bestiariusz Logo<\/center><\/figcaption><\/figure>\n<p><strong><a href=\"http:\/\/slowianskibestiariusz.pl\/\">S\u0142owia\u0144ski Bestiariusz<\/a>\u00a0<\/strong>to portal, kt\u00f3rego celem jest przybli\u017cenie czytelnikowi historii ziem s\u0142owia\u0144skich. Poruszamy nie tylko tematy pod wzgl\u0119dem naukowym, ale r\u00f3wnie\u017c mitologi\u0119 czy demonologi\u0119. Na tej stronie dowiesz si\u0119 czego obawiali si\u0119 ludzie przebywaj\u0105cy w pobli\u017cu las\u00f3w, w\u00f3d lub pracuj\u0105cy w polu po\u0142udniem. Poznasz bog\u00f3w s\u0142owia\u0144skich, kt\u00f3rzy pe\u0142nili r\u00f3wnie wa\u017cne funkcje co ci greccy czy rzymscy &#8211; panowali nad pogod\u0105, dbali o urodzaj i odrodzenie ziem po zimie, byli r\u00f3wnie\u017c patronami przysi\u0105g, nauk i wojen. Dowiesz si\u0119 r\u00f3wnie\u017c jakie znaczenie mia\u0142y symbole dzisiaj zapomniane lub znienawidzone. Je\u015bli obce Ci (lub chcesz dowiedzie\u0107 si\u0119 o nich wi\u0119cej) bestie takie jak Utopiec, Strzyga, Zmora, Leszy, Bies, Czart, Po\u0142udnica, lub bogowie: Perun, Swar\u00f3g, Marzanna, Jary\u0142o, Weles. Albo zastanawiasz si\u0119 jakie znaczenie mia\u0142 symbol r\u0105k boga, ko\u0142owr\u00f3t czy lunula. Nie czekaj, odwied\u017a nasz\u0105 stron\u0119 i zacznij zg\u0142\u0119bia\u0107 tajniki wierze\u0144 s\u0142owia\u0144skich!<\/p>\n<p>&nbsp;<\/p>\n","protected":false},"excerpt":{"rendered":"<p>S\u0142owia\u0144ski Bestiariusz\u00a0to portal, kt\u00f3rego celem jest przybli\u017cenie czytelnikowi historii ziem s\u0142owia\u0144skich. Poruszamy nie tylko tematy pod wzgl\u0119dem naukowym, ale r\u00f3wnie\u017c mitologi\u0119 czy demonologi\u0119. Na tej stronie dowiesz si\u0119 czego obawiali si\u0119 ludzie przebywaj\u0105cy w pobli\u017cu las\u00f3w, w\u00f3d lub pracuj\u0105cy w polu po\u0142udniem. Poznasz bog\u00f3w s\u0142owia\u0144skich, kt\u00f3rzy pe\u0142nili r\u00f3wnie wa\u017cne funkcje co ci greccy czy rzymscy &hellip;<\/p>\n","protected":false},"author":1,"featured_media":0,"parent":0,"menu_order":0,"comment_status":"closed","ping_status":"closed","template":"","meta":{"footnotes":""},"yoast_head":"<!-- This site is optimized with the Yoast SEO plugin v22.2 - https:\/\/yoast.com\/wordpress\/plugins\/seo\/ -->\n<title>Polecane - Przetrwaj Apokalips\u0119<\/title>\n<meta name=\"robots\" content=\"index, follow, max-snippet:-1, max-image-preview:large, max-video-preview:-1\" \/>\n<link rel=\"canonical\" href=\"https:\/\/przetrwajapokalipse.pl\/blog\/polecane\/\" \/>\n<meta property=\"og:locale\" content=\"pl_PL\" \/>\n<meta property=\"og:type\" content=\"article\" \/>\n<meta property=\"og:title\" content=\"Polecane - Przetrwaj Apokalips\u0119\" \/>\n<meta property=\"og:description\" content=\"S\u0142owia\u0144ski Bestiariusz\u00a0to portal, kt\u00f3rego celem jest przybli\u017cenie czytelnikowi historii ziem s\u0142owia\u0144skich. Poruszamy nie tylko tematy pod wzgl\u0119dem naukowym, ale r\u00f3wnie\u017c mitologi\u0119 czy demonologi\u0119. Na tej stronie dowiesz si\u0119 czego obawiali si\u0119 ludzie przebywaj\u0105cy w pobli\u017cu las\u00f3w, w\u00f3d lub pracuj\u0105cy w polu po\u0142udniem. Poznasz bog\u00f3w s\u0142owia\u0144skich, kt\u00f3rzy pe\u0142nili r\u00f3wnie wa\u017cne funkcje co ci greccy czy rzymscy &hellip;\" \/>\n<meta property=\"og:url\" content=\"https:\/\/przetrwajapokalipse.pl\/blog\/polecane\/\" \/>\n<meta property=\"og:site_name\" content=\"Przetrwaj Apokalips\u0119\" \/>\n<meta property=\"article:publisher\" content=\"https:\/\/www.facebook.com\/przetrwajapokalipse\/\" \/>\n<meta property=\"article:modified_time\" content=\"2017-03-17T10:17:17+00:00\" \/>\n<meta property=\"og:image\" content=\"http:\/\/slowianskibestiariusz.pl\/wp-content\/uploads\/2016\/02\/logo.png\" \/>\n<meta name=\"twitter:card\" content=\"summary_large_image\" \/>\n<meta name=\"twitter:label1\" content=\"Szacowany czas czytania\" \/>\n\t<meta name=\"twitter:data1\" content=\"1 minuta\" \/>\n<script type=\"application\/ld+json\" class=\"yoast-schema-graph\">{\"@context\":\"https:\/\/schema.org\",\"@graph\":[{\"@type\":\"WebPage\",\"@id\":\"https:\/\/przetrwajapokalipse.pl\/blog\/polecane\/\",\"url\":\"https:\/\/przetrwajapokalipse.pl\/blog\/polecane\/\",\"name\":\"Polecane - Przetrwaj Apokalips\u0119\",\"isPartOf\":{\"@id\":\"https:\/\/przetrwajapokalipse.pl\/blog\/#website\"},\"primaryImageOfPage\":{\"@id\":\"https:\/\/przetrwajapokalipse.pl\/blog\/polecane\/#primaryimage\"},\"image\":{\"@id\":\"https:\/\/przetrwajapokalipse.pl\/blog\/polecane\/#primaryimage\"},\"thumbnailUrl\":\"http:\/\/slowianskibestiariusz.pl\/wp-content\/uploads\/2016\/02\/logo.png\",\"datePublished\":\"2016-05-17T20:51:37+00:00\",\"dateModified\":\"2017-03-17T10:17:17+00:00\",\"breadcrumb\":{\"@id\":\"https:\/\/przetrwajapokalipse.pl\/blog\/polecane\/#breadcrumb\"},\"inLanguage\":\"pl-PL\",\"potentialAction\":[{\"@type\":\"ReadAction\",\"target\":[\"https:\/\/przetrwajapokalipse.pl\/blog\/polecane\/\"]}]},{\"@type\":\"ImageObject\",\"inLanguage\":\"pl-PL\",\"@id\":\"https:\/\/przetrwajapokalipse.pl\/blog\/polecane\/#primaryimage\",\"url\":\"http:\/\/slowianskibestiariusz.pl\/wp-content\/uploads\/2016\/02\/logo.png\",\"contentUrl\":\"http:\/\/slowianskibestiariusz.pl\/wp-content\/uploads\/2016\/02\/logo.png\"},{\"@type\":\"BreadcrumbList\",\"@id\":\"https:\/\/przetrwajapokalipse.pl\/blog\/polecane\/#breadcrumb\",\"itemListElement\":[{\"@type\":\"ListItem\",\"position\":1,\"name\":\"Strona g\u0142\u00f3wna\",\"item\":\"https:\/\/przetrwajapokalipse.pl\/blog\/\"},{\"@type\":\"ListItem\",\"position\":2,\"name\":\"Polecane\"}]},{\"@type\":\"WebSite\",\"@id\":\"https:\/\/przetrwajapokalipse.pl\/blog\/#website\",\"url\":\"https:\/\/przetrwajapokalipse.pl\/blog\/\",\"name\":\"Przetrwaj Apokalips\u0119\",\"description\":\"Dowiedz si\u0119 jak przetrwa\u0107 w najtrudniejszych warunkach. Survival nie tylko dla preppers\u00f3w.\",\"potentialAction\":[{\"@type\":\"SearchAction\",\"target\":{\"@type\":\"EntryPoint\",\"urlTemplate\":\"https:\/\/przetrwajapokalipse.pl\/blog\/?s={search_term_string}\"},\"query-input\":\"required name=search_term_string\"}],\"inLanguage\":\"pl-PL\"}]}<\/script>\n<!-- \/ Yoast SEO plugin. -->","yoast_head_json":{"title":"Polecane - Przetrwaj Apokalips\u0119","robots":{"index":"index","follow":"follow","max-snippet":"max-snippet:-1","max-image-preview":"max-image-preview:large","max-video-preview":"max-video-preview:-1"},"canonical":"https:\/\/przetrwajapokalipse.pl\/blog\/polecane\/","og_locale":"pl_PL","og_type":"article","og_title":"Polecane - Przetrwaj Apokalips\u0119","og_description":"S\u0142owia\u0144ski Bestiariusz\u00a0to portal, kt\u00f3rego celem jest przybli\u017cenie czytelnikowi historii ziem s\u0142owia\u0144skich. Poruszamy nie tylko tematy pod wzgl\u0119dem naukowym, ale r\u00f3wnie\u017c mitologi\u0119 czy demonologi\u0119. Na tej stronie dowiesz si\u0119 czego obawiali si\u0119 ludzie przebywaj\u0105cy w pobli\u017cu las\u00f3w, w\u00f3d lub pracuj\u0105cy w polu po\u0142udniem. Poznasz bog\u00f3w s\u0142owia\u0144skich, kt\u00f3rzy pe\u0142nili r\u00f3wnie wa\u017cne funkcje co ci greccy czy rzymscy &hellip;","og_url":"https:\/\/przetrwajapokalipse.pl\/blog\/polecane\/","og_site_name":"Przetrwaj Apokalips\u0119","article_publisher":"https:\/\/www.facebook.com\/przetrwajapokalipse\/","article_modified_time":"2017-03-17T10:17:17+00:00","og_image":[{"url":"http:\/\/slowianskibestiariusz.pl\/wp-content\/uploads\/2016\/02\/logo.png"}],"twitter_card":"summary_large_image","twitter_misc":{"Szacowany czas czytania":"1 minuta"},"schema":{"@context":"https:\/\/schema.org","@graph":[{"@type":"WebPage","@id":"https:\/\/przetrwajapokalipse.pl\/blog\/polecane\/","url":"https:\/\/przetrwajapokalipse.pl\/blog\/polecane\/","name":"Polecane - Przetrwaj Apokalips\u0119","isPartOf":{"@id":"https:\/\/przetrwajapokalipse.pl\/blog\/#website"},"primaryImageOfPage":{"@id":"https:\/\/przetrwajapokalipse.pl\/blog\/polecane\/#primaryimage"},"image":{"@id":"https:\/\/przetrwajapokalipse.pl\/blog\/polecane\/#primaryimage"},"thumbnailUrl":"http:\/\/slowianskibestiariusz.pl\/wp-content\/uploads\/2016\/02\/logo.png","datePublished":"2016-05-17T20:51:37+00:00","dateModified":"2017-03-17T10:17:17+00:00","breadcrumb":{"@id":"https:\/\/przetrwajapokalipse.pl\/blog\/polecane\/#breadcrumb"},"inLanguage":"pl-PL","potentialAction":[{"@type":"ReadAction","target":["https:\/\/przetrwajapokalipse.pl\/blog\/polecane\/"]}]},{"@type":"ImageObject","inLanguage":"pl-PL","@id":"https:\/\/przetrwajapokalipse.pl\/blog\/polecane\/#primaryimage","url":"http:\/\/slowianskibestiariusz.pl\/wp-content\/uploads\/2016\/02\/logo.png","contentUrl":"http:\/\/slowianskibestiariusz.pl\/wp-content\/uploads\/2016\/02\/logo.png"},{"@type":"BreadcrumbList","@id":"https:\/\/przetrwajapokalipse.pl\/blog\/polecane\/#breadcrumb","itemListElement":[{"@type":"ListItem","position":1,"name":"Strona g\u0142\u00f3wna","item":"https:\/\/przetrwajapokalipse.pl\/blog\/"},{"@type":"ListItem","position":2,"name":"Polecane"}]},{"@type":"WebSite","@id":"https:\/\/przetrwajapokalipse.pl\/blog\/#website","url":"https:\/\/przetrwajapokalipse.pl\/blog\/","name":"Przetrwaj Apokalips\u0119","description":"Dowiedz si\u0119 jak przetrwa\u0107 w najtrudniejszych warunkach. Survival nie tylko dla preppers\u00f3w.","potentialAction":[{"@type":"SearchAction","target":{"@type":"EntryPoint","urlTemplate":"https:\/\/przetrwajapokalipse.pl\/blog\/?s={search_term_string}"},"query-input":"required name=search_term_string"}],"inLanguage":"pl-PL"}]}},"_links":{"self":[{"href":"https:\/\/przetrwajapokalipse.pl\/blog\/wp-json\/wp\/v2\/pages\/45"}],"collection":[{"href":"https:\/\/przetrwajapokalipse.pl\/blog\/wp-json\/wp\/v2\/pages"}],"about":[{"href":"https:\/\/przetrwajapokalipse.pl\/blog\/wp-json\/wp\/v2\/types\/page"}],"author":[{"embeddable":true,"href":"https:\/\/przetrwajapokalipse.pl\/blog\/wp-json\/wp\/v2\/users\/1"}],"replies":[{"embeddable":true,"href":"https:\/\/przetrwajapokalipse.pl\/blog\/wp-json\/wp\/v2\/comments?post=45"}],"version-history":[{"count":0,"href":"https:\/\/przetrwajapokalipse.pl\/blog\/wp-json\/wp\/v2\/pages\/45\/revisions"}],"wp:attachment":[{"href":"https:\/\/przetrwajapokalipse.pl\/blog\/wp-json\/wp\/v2\/media?parent=45"}],"curies":[{"name":"wp","href":"https:\/\/api.w.org\/{rel}","templated":true}]}}